{"id":15415,"date":"2026-01-23T15:07:39","date_gmt":"2026-01-23T14:07:39","guid":{"rendered":"https:\/\/shop.selma-keramik.at\/?post_type=product&#038;p=15415"},"modified":"2026-04-03T12:05:31","modified_gmt":"2026-04-03T10:05:31","slug":"vase-steirerin","status":"publish","type":"product","link":"https:\/\/shop.selma-keramik.at\/?product=vase-steirerin","title":{"rendered":"Steirerin &#8211; Objektgef\u00e4\u00df"},"content":{"rendered":"<p>K\u00fcnstlerin: Selma Etareri<br \/>\nTitel: Steierin<br \/>\nEntstehungsjahr: 2025<br \/>\nMaterial: Original &#8211; Keramik, handgearbeitet<br \/>\n<span class=\"Apple-converted-space\">Ma\u00dfe in cm: ca<\/span><span class=\"Apple-converted-space\">\u00a0H: 80 \/ B: 70 \/ T: 38<\/span><\/p>\n<p>&nbsp;<\/p>\n<p>Foto: Michael Nier<\/p>\n","protected":false},"excerpt":{"rendered":"<p>Die Figur is nur in Bronze erh\u00e4ltlich auf Bestellung<\/p>\n<p>H\u00f6he: 49 cm<\/p>\n","protected":false},"featured_media":15534,"template":"","meta":[],"product_brand":[],"product_cat":[225,251,226,254],"product_tag":[],"class_list":{"0":"post-15415","1":"product","2":"type-product","3":"status-publish","4":"has-post-thumbnail","6":"product_cat-gefaess","7":"product_cat-kunst","8":"product_cat-objekt","9":"product_cat-wohnraumdekoration","11":"first","12":"instock","13":"taxable","14":"shipping-taxable","15":"purchasable","16":"product-type-simple"},"_links":{"self":[{"href":"https:\/\/shop.selma-keramik.at\/index.php?rest_route=\/wp\/v2\/product\/15415","targetHints":{"allow":["GET"]}}],"collection":[{"href":"https:\/\/shop.selma-keramik.at\/index.php?rest_route=\/wp\/v2\/product"}],"about":[{"href":"https:\/\/shop.selma-keramik.at\/index.php?rest_route=\/wp\/v2\/types\/product"}],"wp:featuredmedia":[{"embeddable":true,"href":"https:\/\/shop.selma-keramik.at\/index.php?rest_route=\/wp\/v2\/media\/15534"}],"wp:attachment":[{"href":"https:\/\/shop.selma-keramik.at\/index.php?rest_route=%2Fwp%2Fv2%2Fmedia&parent=15415"}],"wp:term":[{"taxonomy":"product_brand","embeddable":true,"href":"https:\/\/shop.selma-keramik.at\/index.php?rest_route=%2Fwp%2Fv2%2Fproduct_brand&post=15415"},{"taxonomy":"product_cat","embeddable":true,"href":"https:\/\/shop.selma-keramik.at\/index.php?rest_route=%2Fwp%2Fv2%2Fproduct_cat&post=15415"},{"taxonomy":"product_tag","embeddable":true,"href":"https:\/\/shop.selma-keramik.at\/index.php?rest_route=%2Fwp%2Fv2%2Fproduct_tag&post=15415"}],"curies":[{"name":"wp","href":"https:\/\/api.w.org\/{rel}","templated":true}]}}