{"id":15617,"date":"2026-04-29T10:39:10","date_gmt":"2026-04-29T08:39:10","guid":{"rendered":"https:\/\/shop.selma-keramik.at\/?page_id=15617"},"modified":"2026-04-29T10:44:24","modified_gmt":"2026-04-29T08:44:24","slug":"impressum","status":"publish","type":"page","link":"https:\/\/shop.selma-keramik.at\/?page_id=15617","title":{"rendered":"Impressum"},"content":{"rendered":"\t\t<div data-elementor-type=\"wp-page\" data-elementor-id=\"15617\" class=\"elementor elementor-15617\" data-elementor-post-type=\"page\">\n\t\t\t\t<div class=\"elementor-element elementor-element-40561c44 e-flex e-con-boxed e-con e-parent\" data-id=\"40561c44\" data-element_type=\"container\" data-e-type=\"container\">\n\t\t\t\t\t<div class=\"e-con-inner\">\n\t\t\t\t<div class=\"elementor-element elementor-element-7e860340 elementor-widget elementor-widget-text-editor\" data-id=\"7e860340\" data-element_type=\"widget\" data-e-type=\"widget\" data-widget_type=\"text-editor.default\">\n\t\t\t\t\t\t\t\t\t\n<p><\/p>\n\n\n\n<p><\/p>\n\t\t\t\t\t\t\t\t<\/div>\n\t\t\t\t\t<\/div>\n\t\t\t\t<\/div>\n\t\t<div class=\"elementor-element elementor-element-20bf1f1 e-flex e-con-boxed e-con e-parent\" data-id=\"20bf1f1\" data-element_type=\"container\" data-e-type=\"container\">\n\t\t\t\t\t<div class=\"e-con-inner\">\n\t\t\t\t<div class=\"elementor-element elementor-element-a617459 elementor-widget elementor-widget-text-editor\" data-id=\"a617459\" data-element_type=\"widget\" data-e-type=\"widget\" data-widget_type=\"text-editor.default\">\n\t\t\t\t\t\t\t\t\t<p><\/p>\n<p>DA LOAM Kunst- und Keramikstudio, Selma Etareri<br \/>Mariahilferstra\u00dfe 11, 8020 Graz.<br \/>UID-Nr. ATU 62476868<\/p>\n<p> <\/p>\n<p>Tel. +43 (0) 650 281 2222<br \/><a href=\"mailto:office@selma-keramik.at\" target=\"_blank\" rel=\"noreferrer noopener\">office@selma-keramik.at<\/a><br \/><br \/>\u00d6ffnungszeiten:<br \/>Di-Fr 10:00-18:00, Sa 10:00-16:00<br \/>sowie auf Anfrage<br \/><br \/><a href=\"https:\/\/shop.selma-keramik.at\/?page_id=342\" target=\"_blank\" rel=\"noopener\">Widerrufsbelehrung<\/a><br \/><a href=\"https:\/\/shop.selma-keramik.at\/?page_id=347\" target=\"_blank\" rel=\"noopener\">Allgemeine Gesch\u00e4ftsbedingungen<\/a><\/p>\n<p>DA LOAM Kunst- und Kulturverein<br \/>ZVR: 1417921434<\/p>\n<p> <\/p>\n<p>\u00a0<\/p>\n<p><\/p>\t\t\t\t\t\t\t\t<\/div>\n\t\t\t\t\t<\/div>\n\t\t\t\t<\/div>\n\t\t\t\t<\/div>\n\t\t","protected":false},"excerpt":{"rendered":"<p>DA LOAM Kunst- und Keramikstudio, Selma EtareriMariahilferstra\u00dfe 11, 8020 Graz.UID-Nr. ATU 62476868 Tel. +43 (0) 650 281 2222office@selma-keramik.at \u00d6ffnungszeiten:Di-Fr 10:00-18:00, Sa 10:00-16:00sowie auf Anfrage WiderrufsbelehrungAllgemeine Gesch\u00e4ftsbedingungen DA LOAM Kunst- und KulturvereinZVR: 1417921434 \u00a0<\/p>\n","protected":false},"author":2,"featured_media":0,"parent":0,"menu_order":0,"comment_status":"closed","ping_status":"closed","template":"","meta":{"footnotes":""},"class_list":["post-15617","page","type-page","status-publish","hentry"],"_links":{"self":[{"href":"https:\/\/shop.selma-keramik.at\/index.php?rest_route=\/wp\/v2\/pages\/15617","targetHints":{"allow":["GET"]}}],"collection":[{"href":"https:\/\/shop.selma-keramik.at\/index.php?rest_route=\/wp\/v2\/pages"}],"about":[{"href":"https:\/\/shop.selma-keramik.at\/index.php?rest_route=\/wp\/v2\/types\/page"}],"author":[{"embeddable":true,"href":"https:\/\/shop.selma-keramik.at\/index.php?rest_route=\/wp\/v2\/users\/2"}],"replies":[{"embeddable":true,"href":"https:\/\/shop.selma-keramik.at\/index.php?rest_route=%2Fwp%2Fv2%2Fcomments&post=15617"}],"version-history":[{"count":7,"href":"https:\/\/shop.selma-keramik.at\/index.php?rest_route=\/wp\/v2\/pages\/15617\/revisions"}],"predecessor-version":[{"id":15624,"href":"https:\/\/shop.selma-keramik.at\/index.php?rest_route=\/wp\/v2\/pages\/15617\/revisions\/15624"}],"wp:attachment":[{"href":"https:\/\/shop.selma-keramik.at\/index.php?rest_route=%2Fwp%2Fv2%2Fmedia&parent=15617"}],"curies":[{"name":"wp","href":"https:\/\/api.w.org\/{rel}","templated":true}]}}